{"id":2572,"date":"2018-03-23T06:30:04","date_gmt":"2018-03-23T06:30:04","guid":{"rendered":"http:\/\/192.168.1.99\/WordpressDevelop\/videoplus-config\/?page_id=2572"},"modified":"2018-03-23T06:30:04","modified_gmt":"2018-03-23T06:30:04","slug":"grid-default-1-column","status":"publish","type":"page","link":"https:\/\/showmehiphop.com\/index.php\/grid-default-1-column\/","title":{"rendered":"GRID DEFAULT &#8211; 1 COLUMN"},"content":{"rendered":"\t\t<div data-elementor-type=\"wp-post\" data-elementor-id=\"2572\" class=\"elementor elementor-2572 elementor-bc-flex-widget\">\n\t\t\t\t\t\t<section class=\"elementor-section elementor-top-section elementor-element elementor-element-c875925 elementor-section-boxed elementor-section-height-default elementor-section-height-default\" data-id=\"c875925\" data-element_type=\"section\">\n\t\t\t\t\t\t<div class=\"elementor-container elementor-column-gap-no\">\n\t\t\t\t\t<div class=\"elementor-column elementor-col-33 elementor-top-column elementor-element elementor-element-6359201\" data-id=\"6359201\" data-element_type=\"column\">\n\t\t\t<div class=\"elementor-widget-wrap\">\n\t\t\t\t\t\t\t<\/div>\n\t\t<\/div>\n\t\t\t\t<div class=\"elementor-column elementor-col-33 elementor-top-column elementor-element elementor-element-47718cd\" data-id=\"47718cd\" data-element_type=\"column\">\n\t\t\t<div class=\"elementor-widget-wrap elementor-element-populated\">\n\t\t\t\t\t\t<div class=\"elementor-element elementor-element-a2fa9b9 elementor-widget elementor-widget-vidorev_block_addon\" data-id=\"a2fa9b9\" data-element_type=\"widget\" data-widget_type=\"vidorev_block_addon.default\">\n\t\t\t\t<div class=\"elementor-widget-container\">\n\t\t\t\t\t\t\t\t\t\t\t<div class=\"sc-blocks-container sc-blocks-container-control grid-df-1-col fw-c-fix-cls\" data-id=\"vp_57328\">\r\n\t\t\t\t\t\t\r\n\t\t\t\t\t\t\t\t\t\t\t\t\t\t\t<div class=\"filter-container filter-container-control\">\r\n\t\t\t\t\t\t\t\t\t<div class=\"filter-wrapper\">\r\n\t\t\t\t\t\t\t\t\t\t\t\t\t\t\t\t\t\t\t\t\t<div class=\"block-title block-title-control\"><h2 class=\"extra-bold h5\">GRID DEFAULT \u2013 1 COLUMN<\/h2><\/div>\r\n\t\t\t\t\t\t\t\t\t\t\t\t\t\t\t\t\t\t\t\t\r\n\t\t\t\t\t\t\t\t\t\t\t\t\t\t\t\t\t\t\t\t\t<div class=\"filter-items filter-items-control navigation-font nav-font-size-12\">\r\n\t\t\t\t\t\t\t\t\t\t\t\t<div class=\"filter-items-wrapper filter-items-wrapper-control\">\r\n\t\t\t\t\t\t\t\t\t\t\t\t\t<span class=\"filter-item filter-action-control active-item\" data-taxonomy=\"all\" data-id=\"0\">All<\/span><span class=\"filter-item filter-action-control\" data-taxonomy=\"category\" data-id=\"9\">TRAVEL<\/span><span class=\"filter-item filter-action-control\" data-taxonomy=\"category\" data-id=\"5\">MUSIC<\/span><span class=\"filter-item filter-action-control\" data-taxonomy=\"category\" data-id=\"4\">MOVIE<\/span><span class=\"filter-item filter-action-control\" data-taxonomy=\"category\" data-id=\"7\">SPORT<\/span><span class=\"filter-item filter-action-control\" data-taxonomy=\"category\" data-id=\"8\">TECHNOLOGY<\/span><span class=\"filter-item filter-action-control\" data-taxonomy=\"category\" data-id=\"2\">FASHION<\/span><span class=\"filter-item filter-action-control\" data-taxonomy=\"category\" data-id=\"3\">GAME<\/span>\t\t\t\t\t\t\t\t\t\t\t\t<\/div>\r\n\t\t\t\t\t\t\t\t\t\t\t<\/div>\r\n\t\t\t\t\t\t\t\t\t\t\t\t\t\t\t\t\t\t\t<\/div>\r\n\t\t\t\t\t\t\t\t<\/div>\r\n\t\t\t\t\t\t\t\r\n\t\t\t\t\t\t\t\t\t\t\t\t\t\t\r\n\t\t\t\t\t\t\t<div class=\"block-filter block-filter-control\">\r\n\t\t\t\t\t\t\t\t<div class=\"ajax-loading\">\r\n\t\t\t\t\t\t\t\t\t<div class=\"la-ball-triangle-path\">\r\n\t\t\t\t\t\t\t\t\t\t<div><\/div>\r\n\t\t\t\t\t\t\t\t\t\t<div><\/div>\r\n\t\t\t\t\t\t\t\t\t\t<div><\/div>\r\n\t\t\t\t\t\t\t\t\t<\/div>\r\n\t\t\t\t\t\t\t\t<\/div>\t\t\t\t\t\t\t\t\r\n\r\n\t\t\t\t\t\t\r\n\t\t\t\t\t\t\t\r\n                            \t\t\t\t\t\t\t\t<div class=\"blog-wrapper global-blog-wrapper blog-wrapper-control active-item current-paged\" data-item=\"0\" data-paged=\"1\" data-end=\"no\" data-all-page=\"2\" data-current-page=\"1\">\r\n\t\t\t\t\t\t\t\t\t<div class=\"blog-items blog-items-control site__row grid-default\">\r\n                            \t\t\t\t\t\t\t\t\t\t<article class=\"post-item site__col post-33184 post type-post status-publish format-standard hentry category-baixar-betano-apk-328 tag-baixar-betano-apk tag-betano-download\">\r\n\t<div class=\"post-item-wrap\">\r\n\t\r\n\t\t\t\t\r\n\t\t<div class=\"listing-content\">\r\n\t\t\t\r\n\t\t\t<div class=\"categories-elm meta-font\"><div class=\"categories-wrap\"><a data-cat-id=\"cat_7044\" href=\"https:\/\/showmehiphop.com\/index.php\/category\/baixar-betano-apk-328\/\" title=\"Baixar Betano Apk 328\" class=\"category-item m-font-size-10\">Baixar Betano Apk 328<\/a><\/div><\/div>\t\t\t\r\n\t\t\t<h3 class=\"entry-title h3 post-title\"> \r\n\t\t\t\t<a href=\"https:\/\/showmehiphop.com\/index.php\/2025\/10\/30\/app-betano-175\/\" title=\"Betano Software Baixar: Android Apk E Vers\u00e3o M\u00f3vel Ios 2025 \ufe0f\">Betano Software Baixar: Android Apk E Vers\u00e3o M\u00f3vel Ios 2025 \ufe0f<\/a> \r\n\t\t\t<\/h3>\t\r\n\t\t\t\r\n\t\t\t<div class=\"entry-meta post-meta meta-font\"><div class=\"post-meta-wrap\"><div class=\"author vcard\"><i class=\"fa fa-user-circle\" aria-hidden=\"true\"><\/i><a href=\"https:\/\/showmehiphop.com\/index.php\/author\/admin\/\">admin<\/a><\/div><div class=\"date-time\"><i class=\"fa fa-calendar\" aria-hidden=\"true\"><\/i><span><time class=\"entry-date published updated\" datetime=\"2025-10-30T13:06:24+00:00\">October 30, 2025<\/time><\/span><\/div><\/div><\/div>\t\r\n\t\t\r\n\t\t\t<div class=\"entry-content post-excerpt\">Voc\u00ea tem tudo ao teu efecto, tudo \u00e9 f\u00e1cil de ler como tamb\u00e9m a navega\u00e7\u00e3o carry out menus funciona maravilhosamente. D estaque vai pa...<\/div>\t\t\r\n\t\t\t<div class=\"entry-meta post-meta meta-font\"><div class=\"post-meta-wrap\"><div class=\"comment-count\"><i class=\"fa fa-comment\" aria-hidden=\"true\"><\/i><span>0<\/span><\/div><div class=\"view-count\"><i class=\"fa fa-eye\" aria-hidden=\"true\"><\/i><span>208<\/span><\/div><div class=\"like-count\"><i class=\"fa fa-thumbs-up\" aria-hidden=\"true\"><\/i><span class=\"like-count\" data-id=\"33184\">0<\/span><\/div><div class=\"dislike-count\"><i class=\"fa fa-thumbs-down\" aria-hidden=\"true\"><\/i><span class=\"dislike-count\" data-id=\"33184\">0<\/span><\/div><\/div><\/div>\t\t\r\n\t\t\r\n\t\t<\/div>\r\n\t\t\r\n\t<\/div>\r\n<\/article><article class=\"post-item site__col post-33182 post type-post status-publish format-standard hentry category-news\">\r\n\t<div class=\"post-item-wrap\">\r\n\t\r\n\t\t\t\t\r\n\t\t<div class=\"listing-content\">\r\n\t\t\t\r\n\t\t\t<div class=\"categories-elm meta-font\"><div class=\"categories-wrap\"><a data-cat-id=\"cat_6\" href=\"https:\/\/showmehiphop.com\/index.php\/category\/news\/\" title=\"NEWS\" class=\"category-item m-font-size-10\">NEWS<\/a><\/div><\/div>\t\t\t\r\n\t\t\t<h3 class=\"entry-title h3 post-title\"> \r\n\t\t\t\t<a href=\"https:\/\/showmehiphop.com\/index.php\/2025\/10\/30\/1win-oficialnyj-sajt-bukmekerskoj-kontory-1vin-498\/\" title=\"1win  \u043e\u0444\u0438\u0446\u0438\u0430\u043b\u044c\u043d\u044b\u0439 \u0441\u0430\u0439\u0442 \u0431\u0443\u043a\u043c\u0435\u043a\u0435\u0440\u0441\u043a\u043e\u0439 \u043a\u043e\u043d\u0442\u043e\u0440\u044b 1\u0432\u0438\u043d.4649\">1win  \u043e\u0444\u0438\u0446\u0438\u0430\u043b\u044c\u043d\u044b\u0439 \u0441\u0430\u0439\u0442 \u0431\u0443\u043a\u043c\u0435\u043a\u0435\u0440\u0441\u043a\u043e\u0439 \u043a\u043e\u043d\u0442\u043e\u0440\u044b 1\u0432\u0438\u043d.4649<\/a> \r\n\t\t\t<\/h3>\t\r\n\t\t\t\r\n\t\t\t<div class=\"entry-meta post-meta meta-font\"><div class=\"post-meta-wrap\"><div class=\"author vcard\"><i class=\"fa fa-user-circle\" aria-hidden=\"true\"><\/i><a href=\"https:\/\/showmehiphop.com\/index.php\/author\/admin\/\">admin<\/a><\/div><div class=\"date-time\"><i class=\"fa fa-calendar\" aria-hidden=\"true\"><\/i><span><time class=\"entry-date published\" datetime=\"2025-10-30T12:18:44+00:00\">October 30, 2025<\/time> <span class=\"updated\"><\/span><time class=\"updated\" datetime=\"2025-10-30T12:18:47+00:00\">October 30, 2025<\/time><\/span><\/div><\/div><\/div>\t\r\n\t\t\r\n\t\t\t<div class=\"entry-content post-excerpt\">1win \u2014 \u043e\u0444\u0438\u0446\u0438\u0430\u043b\u044c\u043d\u044b\u0439 \u0441\u0430\u0439\u0442 \u0431\u0443\u043a\u043c\u0435\u043a\u0435\u0440\u0441\u043a\u043e\u0439 \u043a\u043e\u043d\u0442\u043e\u0440\u044b 1\u0432\u0438\u043d \u25b6\ufe0f \u0418\u0413\u0420\u0410\u0422\u042c \u0421\u043e\u0434\u0435\u0440\u0436\u0438\u043c\u043e\u0435 \u041e\u0444\u0438\u0446\u0438\u0430\u043b\u044c\u043d\u044b\u0439 \u0441\u0430\u0439\u0442 1win &#8211; \u0431\u0443\u043a\u043c\u0435\u043a\u0435\u0440\u0441\u043a\u0430\u044f \u043a\u043e\u043d\u0442\u043e\u0440\u0430 \u041f\u0440\u0435\u0438\u043c\u0443\u0449\u0435\u0441\u0442...<\/div>\t\t\r\n\t\t\t<div class=\"entry-meta post-meta meta-font\"><div class=\"post-meta-wrap\"><div class=\"comment-count\"><i class=\"fa fa-comment\" aria-hidden=\"true\"><\/i><span>0<\/span><\/div><div class=\"view-count\"><i class=\"fa fa-eye\" aria-hidden=\"true\"><\/i><span>175<\/span><\/div><div class=\"like-count\"><i class=\"fa fa-thumbs-up\" aria-hidden=\"true\"><\/i><span class=\"like-count\" data-id=\"33182\">0<\/span><\/div><div class=\"dislike-count\"><i class=\"fa fa-thumbs-down\" aria-hidden=\"true\"><\/i><span class=\"dislike-count\" data-id=\"33182\">0<\/span><\/div><\/div><\/div>\t\t\r\n\t\t\r\n\t\t<\/div>\r\n\t\t\r\n\t<\/div>\r\n<\/article>                    \t\t\t\t\t\t\t\t\t\t\t<\/div>\t\r\n\t\t\t\t\t\t\t\t<\/div>\r\n                            \t\t\t\t\t\t\t\r\n\t\t\t\t\t\t\r\n\t\t\t\t\t\t\t<\/div>\r\n                    \t        \t\r\n\t\t\t\t\t\t\t<div class=\"bl-page-prev-next bl-page-prev-next-control active-item\">\r\n\t\t\t\t\t\t\t\t<span class=\"next-prev-action disabled-query\" data-action=\"prev\"><i class=\"fa fa-angle-left\" aria-hidden=\"true\"><\/i><\/span>\r\n\t\t\t\t\t\t\t\t<span class=\"next-prev-action\" data-action=\"next\"><i class=\"fa fa-angle-right\" aria-hidden=\"true\"><\/i><\/span>\r\n\t\t\t\t\t\t\t<\/div>\r\n                            \t\t\t\t\t\r\n\t\t\t\t\t\t<\/div>                        \r\n\t\t\t\t\t\t\t\t\t<script>if(typeof(vidorev_builder_control)!==\"undefined\" && vidorev_builder_control!==null){vidorev_builder_control.filter_tab_responsive();}<\/script>\t\t\t\t<\/div>\n\t\t\t\t<\/div>\n\t\t\t\t\t<\/div>\n\t\t<\/div>\n\t\t\t\t<div class=\"elementor-column elementor-col-33 elementor-top-column elementor-element elementor-element-c0adea4\" data-id=\"c0adea4\" data-element_type=\"column\">\n\t\t\t<div class=\"elementor-widget-wrap\">\n\t\t\t\t\t\t\t<\/div>\n\t\t<\/div>\n\t\t\t\t\t<\/div>\n\t\t<\/section>\n\t\t\t\t<\/div>\n\t\t","protected":false},"excerpt":{"rendered":"<p>GRID DEFAULT \u2013 1 COLUMN AllTRAVELMUSICMOVIESPORTTECHNOLOGYFASHIONGAME Watch LaterAdded 05:40 GAME Battlefield Hardline Beta Trailer NICOLASJanuary 17, 2018April 17, 2018 Aliquam ultrices risus vitae sem pulvinar, eu varius mi rhoncus. Cras posuere scelerisque finibus. Curabitur et erat nibh. Nullam am&#8230; 01M18K1.1K Watch LaterAdded 00:31 GAME Battlefield Hardline: Official Launch Gameplay Trailer Teaser NICOLASJanuary 17, 2018April 17, [&hellip;]<\/p>\n","protected":false},"author":1,"featured_media":0,"parent":0,"menu_order":0,"comment_status":"closed","ping_status":"closed","template":"page-templates\/front-page-template.php","meta":{"yasr_overall_rating":0,"yasr_post_is_review":"","yasr_auto_insert_disabled":"","yasr_review_type":"","footnotes":""},"class_list":["post-2572","page","type-page","status-publish","hentry"],"yoast_head":"<!-- This site is optimized with the Yoast SEO plugin v24.5 - https:\/\/yoast.com\/wordpress\/plugins\/seo\/ -->\n<title>GRID DEFAULT - 1 COLUMN - showmehiphop<\/title>\n<meta name=\"robots\" content=\"index, follow, max-snippet:-1, max-image-preview:large, max-video-preview:-1\" \/>\n<link rel=\"canonical\" href=\"https:\/\/showmehiphop.com\/index.php\/grid-default-1-column\/\" \/>\n<meta property=\"og:locale\" content=\"en_US\" \/>\n<meta property=\"og:type\" content=\"article\" \/>\n<meta property=\"og:title\" content=\"GRID DEFAULT - 1 COLUMN - showmehiphop\" \/>\n<meta property=\"og:description\" content=\"GRID DEFAULT \u2013 1 COLUMN AllTRAVELMUSICMOVIESPORTTECHNOLOGYFASHIONGAME Watch LaterAdded 05:40 GAME Battlefield Hardline Beta Trailer NICOLASJanuary 17, 2018April 17, 2018 Aliquam ultrices risus vitae sem pulvinar, eu varius mi rhoncus. Cras posuere scelerisque finibus. Curabitur et erat nibh. Nullam am&#8230; 01M18K1.1K Watch LaterAdded 00:31 GAME Battlefield Hardline: Official Launch Gameplay Trailer Teaser NICOLASJanuary 17, 2018April 17, [&hellip;]\" \/>\n<meta property=\"og:url\" content=\"https:\/\/showmehiphop.com\/index.php\/grid-default-1-column\/\" \/>\n<meta property=\"og:site_name\" content=\"showmehiphop\" \/>\n<meta property=\"og:image\" content=\"http:\/\/demo.beeteam368.com\/vidorev\/wp-content\/uploads\/2018\/01\/battlefield-4-ddx_pdp_3840x2160_en_WW-360x203.jpg\" \/>\n<meta name=\"twitter:card\" content=\"summary_large_image\" \/>\n<script type=\"application\/ld+json\" class=\"yoast-schema-graph\">{\"@context\":\"https:\/\/schema.org\",\"@graph\":[{\"@type\":\"WebPage\",\"@id\":\"https:\/\/showmehiphop.com\/index.php\/grid-default-1-column\/\",\"url\":\"https:\/\/showmehiphop.com\/index.php\/grid-default-1-column\/\",\"name\":\"GRID DEFAULT - 1 COLUMN - showmehiphop\",\"isPartOf\":{\"@id\":\"https:\/\/showmehiphop.com\/#website\"},\"primaryImageOfPage\":{\"@id\":\"https:\/\/showmehiphop.com\/index.php\/grid-default-1-column\/#primaryimage\"},\"image\":{\"@id\":\"https:\/\/showmehiphop.com\/index.php\/grid-default-1-column\/#primaryimage\"},\"thumbnailUrl\":\"http:\/\/demo.beeteam368.com\/vidorev\/wp-content\/uploads\/2018\/01\/battlefield-4-ddx_pdp_3840x2160_en_WW-360x203.jpg\",\"datePublished\":\"2018-03-23T06:30:04+00:00\",\"breadcrumb\":{\"@id\":\"https:\/\/showmehiphop.com\/index.php\/grid-default-1-column\/#breadcrumb\"},\"inLanguage\":\"en-US\",\"potentialAction\":[{\"@type\":\"ReadAction\",\"target\":[\"https:\/\/showmehiphop.com\/index.php\/grid-default-1-column\/\"]}]},{\"@type\":\"ImageObject\",\"inLanguage\":\"en-US\",\"@id\":\"https:\/\/showmehiphop.com\/index.php\/grid-default-1-column\/#primaryimage\",\"url\":\"http:\/\/demo.beeteam368.com\/vidorev\/wp-content\/uploads\/2018\/01\/battlefield-4-ddx_pdp_3840x2160_en_WW-360x203.jpg\",\"contentUrl\":\"http:\/\/demo.beeteam368.com\/vidorev\/wp-content\/uploads\/2018\/01\/battlefield-4-ddx_pdp_3840x2160_en_WW-360x203.jpg\"},{\"@type\":\"BreadcrumbList\",\"@id\":\"https:\/\/showmehiphop.com\/index.php\/grid-default-1-column\/#breadcrumb\",\"itemListElement\":[{\"@type\":\"ListItem\",\"position\":1,\"name\":\"Home\",\"item\":\"https:\/\/showmehiphop.com\/\"},{\"@type\":\"ListItem\",\"position\":2,\"name\":\"GRID DEFAULT &#8211; 1 COLUMN\"}]},{\"@type\":\"WebSite\",\"@id\":\"https:\/\/showmehiphop.com\/#website\",\"url\":\"https:\/\/showmehiphop.com\/\",\"name\":\"showmehiphop\",\"description\":\"\",\"potentialAction\":[{\"@type\":\"SearchAction\",\"target\":{\"@type\":\"EntryPoint\",\"urlTemplate\":\"https:\/\/showmehiphop.com\/?s={search_term_string}\"},\"query-input\":{\"@type\":\"PropertyValueSpecification\",\"valueRequired\":true,\"valueName\":\"search_term_string\"}}],\"inLanguage\":\"en-US\"},false]}<\/script>\n<!-- \/ Yoast SEO plugin. -->","yoast_head_json":{"title":"GRID DEFAULT - 1 COLUMN - showmehiphop","robots":{"index":"index","follow":"follow","max-snippet":"max-snippet:-1","max-image-preview":"max-image-preview:large","max-video-preview":"max-video-preview:-1"},"canonical":"https:\/\/showmehiphop.com\/index.php\/grid-default-1-column\/","og_locale":"en_US","og_type":"article","og_title":"GRID DEFAULT - 1 COLUMN - showmehiphop","og_description":"GRID DEFAULT \u2013 1 COLUMN AllTRAVELMUSICMOVIESPORTTECHNOLOGYFASHIONGAME Watch LaterAdded 05:40 GAME Battlefield Hardline Beta Trailer NICOLASJanuary 17, 2018April 17, 2018 Aliquam ultrices risus vitae sem pulvinar, eu varius mi rhoncus. Cras posuere scelerisque finibus. Curabitur et erat nibh. Nullam am&#8230; 01M18K1.1K Watch LaterAdded 00:31 GAME Battlefield Hardline: Official Launch Gameplay Trailer Teaser NICOLASJanuary 17, 2018April 17, [&hellip;]","og_url":"https:\/\/showmehiphop.com\/index.php\/grid-default-1-column\/","og_site_name":"showmehiphop","og_image":[{"url":"http:\/\/demo.beeteam368.com\/vidorev\/wp-content\/uploads\/2018\/01\/battlefield-4-ddx_pdp_3840x2160_en_WW-360x203.jpg","type":"","width":"","height":""}],"twitter_card":"summary_large_image","schema":{"@context":"https:\/\/schema.org","@graph":[{"@type":"WebPage","@id":"https:\/\/showmehiphop.com\/index.php\/grid-default-1-column\/","url":"https:\/\/showmehiphop.com\/index.php\/grid-default-1-column\/","name":"GRID DEFAULT - 1 COLUMN - showmehiphop","isPartOf":{"@id":"https:\/\/showmehiphop.com\/#website"},"primaryImageOfPage":{"@id":"https:\/\/showmehiphop.com\/index.php\/grid-default-1-column\/#primaryimage"},"image":{"@id":"https:\/\/showmehiphop.com\/index.php\/grid-default-1-column\/#primaryimage"},"thumbnailUrl":"http:\/\/demo.beeteam368.com\/vidorev\/wp-content\/uploads\/2018\/01\/battlefield-4-ddx_pdp_3840x2160_en_WW-360x203.jpg","datePublished":"2018-03-23T06:30:04+00:00","breadcrumb":{"@id":"https:\/\/showmehiphop.com\/index.php\/grid-default-1-column\/#breadcrumb"},"inLanguage":"en-US","potentialAction":[{"@type":"ReadAction","target":["https:\/\/showmehiphop.com\/index.php\/grid-default-1-column\/"]}]},{"@type":"ImageObject","inLanguage":"en-US","@id":"https:\/\/showmehiphop.com\/index.php\/grid-default-1-column\/#primaryimage","url":"http:\/\/demo.beeteam368.com\/vidorev\/wp-content\/uploads\/2018\/01\/battlefield-4-ddx_pdp_3840x2160_en_WW-360x203.jpg","contentUrl":"http:\/\/demo.beeteam368.com\/vidorev\/wp-content\/uploads\/2018\/01\/battlefield-4-ddx_pdp_3840x2160_en_WW-360x203.jpg"},{"@type":"BreadcrumbList","@id":"https:\/\/showmehiphop.com\/index.php\/grid-default-1-column\/#breadcrumb","itemListElement":[{"@type":"ListItem","position":1,"name":"Home","item":"https:\/\/showmehiphop.com\/"},{"@type":"ListItem","position":2,"name":"GRID DEFAULT &#8211; 1 COLUMN"}]},{"@type":"WebSite","@id":"https:\/\/showmehiphop.com\/#website","url":"https:\/\/showmehiphop.com\/","name":"showmehiphop","description":"","potentialAction":[{"@type":"SearchAction","target":{"@type":"EntryPoint","urlTemplate":"https:\/\/showmehiphop.com\/?s={search_term_string}"},"query-input":{"@type":"PropertyValueSpecification","valueRequired":true,"valueName":"search_term_string"}}],"inLanguage":"en-US"},false]}},"yasr_visitor_votes":{"stars_attributes":{"read_only":true,"span_bottom":"<div class='yasr-small-block-bold'><span class='yasr-visitor-votes-must-sign-in'>You must sign in to vote<\/span><\/div>"},"number_of_votes":0,"sum_votes":0},"cmb2":{"page_slider_settings":{"display_slider_group":"","page_slider_group":""},"blog_page_settings":{"blog_page_title":"","blog_page_heading":"","blog_page_advance_search":"","blog_page_ic":"","blog_page_it":"","blog_page_ec":"","blog_page_ip":"","blog_page_advance_search_id":"","archive_loop_style":"grid-default","blog_image_ratio":"","blog_show_categories":"on","blog_show_excerpt":"on","blog_show_author":"on","blog_show_date":"on","blog_show_comment_count":"on","blog_show_view_count":"on","blog_show_like_count":"on","blog_show_dislike_count":"on","blog_items_per_page":"10","blog_pag_type":"wp-default"},"page_options":{"get_page_template":"","color_mode":"","main_layout":"","main_layout_full_with":"","main_logo":"","main_logo_id":"","main_logo_retina":"","main_logo_retina_id":"","main_logo_mobile":"","main_logo_mobile_id":"","main_logo_mobile_retina":"","main_logo_mobile_retina_id":"","sticky_logo":"","sticky_logo_id":"","sticky_logo_retina":"","sticky_logo_retina_id":"","main_nav_layout":"","ajax_search":"","header_background":"","theme_sidebar":"hidden","instagram_feed":"","instagram_feed_position":"header","popular_videos":"off","popular_videos_title_1":"","popular_videos_title_2":"","popular_videos_ic":"","popular_videos_it":"","theme_background":"","page_custom_css":""}},"_links":{"self":[{"href":"https:\/\/showmehiphop.com\/index.php\/wp-json\/wp\/v2\/pages\/2572","targetHints":{"allow":["GET"]}}],"collection":[{"href":"https:\/\/showmehiphop.com\/index.php\/wp-json\/wp\/v2\/pages"}],"about":[{"href":"https:\/\/showmehiphop.com\/index.php\/wp-json\/wp\/v2\/types\/page"}],"author":[{"embeddable":true,"href":"https:\/\/showmehiphop.com\/index.php\/wp-json\/wp\/v2\/users\/1"}],"replies":[{"embeddable":true,"href":"https:\/\/showmehiphop.com\/index.php\/wp-json\/wp\/v2\/comments?post=2572"}],"version-history":[{"count":0,"href":"https:\/\/showmehiphop.com\/index.php\/wp-json\/wp\/v2\/pages\/2572\/revisions"}],"wp:attachment":[{"href":"https:\/\/showmehiphop.com\/index.php\/wp-json\/wp\/v2\/media?parent=2572"}],"curies":[{"name":"wp","href":"https:\/\/api.w.org\/{rel}","templated":true}]}}