{"id":2576,"date":"2018-03-23T06:30:56","date_gmt":"2018-03-23T06:30:56","guid":{"rendered":"http:\/\/192.168.1.99\/WordpressDevelop\/videoplus-config\/?page_id=2576"},"modified":"2018-03-23T06:30:56","modified_gmt":"2018-03-23T06:30:56","slug":"list-special","status":"publish","type":"page","link":"https:\/\/showmehiphop.com\/index.php\/list-special\/","title":{"rendered":"LIST SPECIAL"},"content":{"rendered":"\t\t<div data-elementor-type=\"wp-post\" data-elementor-id=\"2576\" class=\"elementor elementor-2576 elementor-bc-flex-widget\">\n\t\t\t\t\t\t<section class=\"elementor-section elementor-top-section elementor-element elementor-element-163e5fd elementor-section-boxed elementor-section-height-default elementor-section-height-default\" data-id=\"163e5fd\" data-element_type=\"section\">\n\t\t\t\t\t\t<div class=\"elementor-container elementor-column-gap-no\">\n\t\t\t\t\t<div class=\"elementor-column elementor-col-16 elementor-top-column elementor-element elementor-element-3c414d9\" data-id=\"3c414d9\" data-element_type=\"column\">\n\t\t\t<div class=\"elementor-widget-wrap\">\n\t\t\t\t\t\t\t<\/div>\n\t\t<\/div>\n\t\t\t\t<div class=\"elementor-column elementor-col-66 elementor-top-column elementor-element elementor-element-0193d46\" data-id=\"0193d46\" data-element_type=\"column\">\n\t\t\t<div class=\"elementor-widget-wrap elementor-element-populated\">\n\t\t\t\t\t\t<div class=\"elementor-element elementor-element-105eeb4 elementor-widget elementor-widget-vidorev_block_addon\" data-id=\"105eeb4\" data-element_type=\"widget\" data-widget_type=\"vidorev_block_addon.default\">\n\t\t\t\t<div class=\"elementor-widget-container\">\n\t\t\t\t\t\t\t\t\t\t\t<div class=\"sc-blocks-container sc-blocks-container-control list-sp fw-c-fix-cls\" data-id=\"vp_159\">\r\n\t\t\t\t\t\t\r\n\t\t\t\t\t\t\t\t\t\t\t\t\t\t\t<div class=\"filter-container filter-container-control\">\r\n\t\t\t\t\t\t\t\t\t<div class=\"filter-wrapper\">\r\n\t\t\t\t\t\t\t\t\t\t\t\t\t\t\t\t\t\t\t\t\t<div class=\"block-title block-title-control\"><h2 class=\"extra-bold h5\">LIST SPECIAL<\/h2><\/div>\r\n\t\t\t\t\t\t\t\t\t\t\t\t\t\t\t\t\t\t\t\t\r\n\t\t\t\t\t\t\t\t\t\t\t\t\t\t\t\t\t\t\t\t\t<div class=\"filter-items filter-items-control navigation-font nav-font-size-12\">\r\n\t\t\t\t\t\t\t\t\t\t\t\t<div class=\"filter-items-wrapper filter-items-wrapper-control\">\r\n\t\t\t\t\t\t\t\t\t\t\t\t\t<span class=\"filter-item filter-action-control active-item\" data-taxonomy=\"all\" data-id=\"0\">All<\/span><span class=\"filter-item filter-action-control\" data-taxonomy=\"category\" data-id=\"9\">TRAVEL<\/span><span class=\"filter-item filter-action-control\" data-taxonomy=\"category\" data-id=\"5\">MUSIC<\/span><span class=\"filter-item filter-action-control\" data-taxonomy=\"category\" data-id=\"4\">MOVIE<\/span><span class=\"filter-item filter-action-control\" data-taxonomy=\"category\" data-id=\"7\">SPORT<\/span><span class=\"filter-item filter-action-control\" data-taxonomy=\"category\" data-id=\"8\">TECHNOLOGY<\/span><span class=\"filter-item filter-action-control\" data-taxonomy=\"category\" data-id=\"2\">FASHION<\/span><span class=\"filter-item filter-action-control\" data-taxonomy=\"category\" data-id=\"3\">GAME<\/span>\t\t\t\t\t\t\t\t\t\t\t\t<\/div>\r\n\t\t\t\t\t\t\t\t\t\t\t<\/div>\r\n\t\t\t\t\t\t\t\t\t\t\t\t\t\t\t\t\t\t\t<\/div>\r\n\t\t\t\t\t\t\t\t<\/div>\r\n\t\t\t\t\t\t\t\r\n\t\t\t\t\t\t\t\t\t\t\t\t\t\t\r\n\t\t\t\t\t\t\t<div class=\"block-filter block-filter-control\">\r\n\t\t\t\t\t\t\t\t<div class=\"ajax-loading\">\r\n\t\t\t\t\t\t\t\t\t<div class=\"la-ball-triangle-path\">\r\n\t\t\t\t\t\t\t\t\t\t<div><\/div>\r\n\t\t\t\t\t\t\t\t\t\t<div><\/div>\r\n\t\t\t\t\t\t\t\t\t\t<div><\/div>\r\n\t\t\t\t\t\t\t\t\t<\/div>\r\n\t\t\t\t\t\t\t\t<\/div>\t\t\t\t\t\t\t\t\r\n\r\n\t\t\t\t\t\t\r\n\t\t\t\t\t\t\t\r\n                            \t\t\t\t\t\t\t\t<div class=\"blog-wrapper global-blog-wrapper blog-wrapper-control active-item current-paged\" data-item=\"0\" data-paged=\"1\" data-end=\"no\" data-all-page=\"2\" data-current-page=\"1\">\r\n\t\t\t\t\t\t\t\t\t<div class=\"blog-items blog-items-control site__row list-special\">\r\n                            \t\t\t\t\t\t\t\t\t\t<article class=\"post-item site__col post-33188 post type-post status-publish format-standard hentry category-uncategorized\">\r\n\t<div class=\"post-item-wrap\">\r\n\t\r\n\t\t\t\t\r\n\t\t<div class=\"listing-content\">\r\n\t\t\r\n\t\t\t<div class=\"categories-elm meta-font\"><div class=\"categories-wrap\"><a data-cat-id=\"cat_1\" href=\"https:\/\/showmehiphop.com\/index.php\/category\/uncategorized\/\" title=\"Uncategorized\" class=\"category-item m-font-size-10\">Uncategorized<\/a><\/div><\/div>\t\t\t\r\n\t\t\t<h3 class=\"entry-title h3 post-title\"> \r\n\t\t\t\t<a href=\"https:\/\/showmehiphop.com\/index.php\/2025\/04\/25\/credits-6-months-short-term-loans-regarding-home-applied-without-evidence-of-income\/\" title=\"Credits 6 months short term loans Regarding Home-Applied Without Evidence of Income\">Credits 6 months short term loans Regarding Home-Applied Without Evidence of Income<\/a> \r\n\t\t\t<\/h3>\r\n\t\t\t\r\n\t\t\t<div class=\"entry-meta post-meta meta-font\"><div class=\"post-meta-wrap\"><div class=\"author vcard\"><i class=\"fa fa-user-circle\" aria-hidden=\"true\"><\/i><a href=\"https:\/\/showmehiphop.com\/index.php\/author\/admin\/\">admin<\/a><\/div><div class=\"date-time\"><i class=\"fa fa-calendar\" aria-hidden=\"true\"><\/i><span><time class=\"entry-date published\" datetime=\"2025-04-25T12:21:27+00:00\">April 25, 2025<\/time> <span class=\"updated\"><\/span><time class=\"updated\" datetime=\"2025-10-30T13:21:27+00:00\">October 30, 2025<\/time><\/span><\/div><\/div><\/div>\t\r\n\t\t\r\n\t\t\t<div class=\"entry-content post-excerpt\">Posts Tax statements Banking accounts statements Cosigner Alternate options Employing a progress is a issue pertaining to personal-a...<\/div>\t\t\r\n\t\t\t<div class=\"entry-meta post-meta meta-font\"><div class=\"post-meta-wrap\"><div class=\"comment-count\"><i class=\"fa fa-comment\" aria-hidden=\"true\"><\/i><span>0<\/span><\/div><div class=\"view-count\"><i class=\"fa fa-eye\" aria-hidden=\"true\"><\/i><span>54<\/span><\/div><div class=\"like-count\"><i class=\"fa fa-thumbs-up\" aria-hidden=\"true\"><\/i><span class=\"like-count\" data-id=\"33188\">0<\/span><\/div><div class=\"dislike-count\"><i class=\"fa fa-thumbs-down\" aria-hidden=\"true\"><\/i><span class=\"dislike-count\" data-id=\"33188\">0<\/span><\/div><\/div><\/div>\t\t\t\r\n\t\t\r\n\t\t<\/div>\r\n\t\t\r\n\t<\/div>\r\n<\/article><article class=\"post-item site__col post-33186 post type-post status-publish format-standard hentry category-uncategorized\">\r\n\t<div class=\"post-item-wrap\">\r\n\t\r\n\t\t\t\t\r\n\t\t<div class=\"listing-content\">\r\n\t\t\r\n\t\t\t<div class=\"categories-elm meta-font\"><div class=\"categories-wrap\"><a data-cat-id=\"cat_1\" href=\"https:\/\/showmehiphop.com\/index.php\/category\/uncategorized\/\" title=\"Uncategorized\" class=\"category-item m-font-size-10\">Uncategorized<\/a><\/div><\/div>\t\t\t\r\n\t\t\t<h3 class=\"entry-title h3 post-title\"> \r\n\t\t\t\t<a href=\"https:\/\/showmehiphop.com\/index.php\/2025\/04\/26\/online-one-click-money-loan-credit-belgium\/\" title=\"Online one click money loan Credit Belgium\">Online one click money loan Credit Belgium<\/a> \r\n\t\t\t<\/h3>\r\n\t\t\t\r\n\t\t\t<div class=\"entry-meta post-meta meta-font\"><div class=\"post-meta-wrap\"><div class=\"author vcard\"><i class=\"fa fa-user-circle\" aria-hidden=\"true\"><\/i><a href=\"https:\/\/showmehiphop.com\/index.php\/author\/admin\/\">admin<\/a><\/div><div class=\"date-time\"><i class=\"fa fa-calendar\" aria-hidden=\"true\"><\/i><span><time class=\"entry-date published\" datetime=\"2025-04-26T12:21:12+00:00\">April 26, 2025<\/time> <span class=\"updated\"><\/span><time class=\"updated\" datetime=\"2025-10-30T13:21:13+00:00\">October 30, 2025<\/time><\/span><\/div><\/div><\/div>\t\r\n\t\t\r\n\t\t\t<div class=\"entry-content post-excerpt\">Posts Speedily Breeze Secure Safe and sound Online breaks one click money loan Indonesia provide an various other solution for indiv...<\/div>\t\t\r\n\t\t\t<div class=\"entry-meta post-meta meta-font\"><div class=\"post-meta-wrap\"><div class=\"comment-count\"><i class=\"fa fa-comment\" aria-hidden=\"true\"><\/i><span>0<\/span><\/div><div class=\"view-count\"><i class=\"fa fa-eye\" aria-hidden=\"true\"><\/i><span>59<\/span><\/div><div class=\"like-count\"><i class=\"fa fa-thumbs-up\" aria-hidden=\"true\"><\/i><span class=\"like-count\" data-id=\"33186\">0<\/span><\/div><div class=\"dislike-count\"><i class=\"fa fa-thumbs-down\" aria-hidden=\"true\"><\/i><span class=\"dislike-count\" data-id=\"33186\">0<\/span><\/div><\/div><\/div>\t\t\t\r\n\t\t\r\n\t\t<\/div>\r\n\t\t\r\n\t<\/div>\r\n<\/article><article class=\"post-item site__col post-33184 post type-post status-publish format-standard hentry category-baixar-betano-apk-328 tag-baixar-betano-apk tag-betano-download\">\r\n\t<div class=\"post-item-wrap\">\r\n\t\r\n\t\t\t\t\r\n\t\t<div class=\"listing-content\">\r\n\t\t\r\n\t\t\t<div class=\"categories-elm meta-font\"><div class=\"categories-wrap\"><a data-cat-id=\"cat_7044\" href=\"https:\/\/showmehiphop.com\/index.php\/category\/baixar-betano-apk-328\/\" title=\"Baixar Betano Apk 328\" class=\"category-item m-font-size-10\">Baixar Betano Apk 328<\/a><\/div><\/div>\t\t\t\r\n\t\t\t<h3 class=\"entry-title h3 post-title\"> \r\n\t\t\t\t<a href=\"https:\/\/showmehiphop.com\/index.php\/2025\/10\/30\/app-betano-175\/\" title=\"Betano Software Baixar: Android Apk E Vers\u00e3o M\u00f3vel Ios 2025 \ufe0f\">Betano Software Baixar: Android Apk E Vers\u00e3o M\u00f3vel Ios 2025 \ufe0f<\/a> \r\n\t\t\t<\/h3>\r\n\t\t\t\r\n\t\t\t<div class=\"entry-meta post-meta meta-font\"><div class=\"post-meta-wrap\"><div class=\"author vcard\"><i class=\"fa fa-user-circle\" aria-hidden=\"true\"><\/i><a href=\"https:\/\/showmehiphop.com\/index.php\/author\/admin\/\">admin<\/a><\/div><div class=\"date-time\"><i class=\"fa fa-calendar\" aria-hidden=\"true\"><\/i><span><time class=\"entry-date published updated\" datetime=\"2025-10-30T13:06:24+00:00\">October 30, 2025<\/time><\/span><\/div><\/div><\/div>\t\r\n\t\t\r\n\t\t\t<div class=\"entry-content post-excerpt\">Voc\u00ea tem tudo ao teu efecto, tudo \u00e9 f\u00e1cil de ler como tamb\u00e9m a navega\u00e7\u00e3o carry out menus funciona maravilhosamente. D estaque vai pa...<\/div>\t\t\r\n\t\t\t<div class=\"entry-meta post-meta meta-font\"><div class=\"post-meta-wrap\"><div class=\"comment-count\"><i class=\"fa fa-comment\" aria-hidden=\"true\"><\/i><span>0<\/span><\/div><div class=\"view-count\"><i class=\"fa fa-eye\" aria-hidden=\"true\"><\/i><span>205<\/span><\/div><div class=\"like-count\"><i class=\"fa fa-thumbs-up\" aria-hidden=\"true\"><\/i><span class=\"like-count\" data-id=\"33184\">0<\/span><\/div><div class=\"dislike-count\"><i class=\"fa fa-thumbs-down\" aria-hidden=\"true\"><\/i><span class=\"dislike-count\" data-id=\"33184\">0<\/span><\/div><\/div><\/div>\t\t\t\r\n\t\t\r\n\t\t<\/div>\r\n\t\t\r\n\t<\/div>\r\n<\/article>                    \t\t\t\t\t\t\t\t\t\t\t<\/div>\t\r\n\t\t\t\t\t\t\t\t<\/div>\r\n                            \t\t\t\t\t\t\t\r\n\t\t\t\t\t\t\r\n\t\t\t\t\t\t\t<\/div>\r\n                    \t        \t\r\n\t\t\t\t\t\t\t<div class=\"bl-page-prev-next bl-page-prev-next-control active-item\">\r\n\t\t\t\t\t\t\t\t<span class=\"next-prev-action disabled-query\" data-action=\"prev\"><i class=\"fa fa-angle-left\" aria-hidden=\"true\"><\/i><\/span>\r\n\t\t\t\t\t\t\t\t<span class=\"next-prev-action\" data-action=\"next\"><i class=\"fa fa-angle-right\" aria-hidden=\"true\"><\/i><\/span>\r\n\t\t\t\t\t\t\t<\/div>\r\n                            \t\t\t\t\t\r\n\t\t\t\t\t\t<\/div>                        \r\n\t\t\t\t\t\t\t\t\t<script>if(typeof(vidorev_builder_control)!==\"undefined\" && vidorev_builder_control!==null){vidorev_builder_control.filter_tab_responsive();}<\/script>\t\t\t\t<\/div>\n\t\t\t\t<\/div>\n\t\t\t\t\t<\/div>\n\t\t<\/div>\n\t\t\t\t<div class=\"elementor-column elementor-col-16 elementor-top-column elementor-element elementor-element-fc66af9\" data-id=\"fc66af9\" data-element_type=\"column\">\n\t\t\t<div class=\"elementor-widget-wrap\">\n\t\t\t\t\t\t\t<\/div>\n\t\t<\/div>\n\t\t\t\t\t<\/div>\n\t\t<\/section>\n\t\t\t\t<\/div>\n\t\t","protected":false},"excerpt":{"rendered":"<p>LIST SPECIAL AllTRAVELMUSICMOVIESPORTTECHNOLOGYFASHIONGAME Watch LaterAdded 02:33 MOVIE Transformers 5 Trailer NICOLASSeptember 18, 2017April 26, 2018 Vestibulum rutrum nibh semper, imperdiet nulla non, pulvinar lacus. Phasellus blandit odio at ipsum porta rhoncus varius accumsan am&#8230; 015.2M120.4K6.6K Watch LaterAdded 01:33 MOVIE The Twilight Saga Eclipse NICOLASSeptember 21, 2017April 26, 2018 Praesent congue turpis in tincidunt ornare. Donec [&hellip;]<\/p>\n","protected":false},"author":1,"featured_media":0,"parent":0,"menu_order":0,"comment_status":"closed","ping_status":"closed","template":"page-templates\/front-page-template.php","meta":{"yasr_overall_rating":0,"yasr_post_is_review":"","yasr_auto_insert_disabled":"","yasr_review_type":"","footnotes":""},"class_list":["post-2576","page","type-page","status-publish","hentry"],"yoast_head":"<!-- This site is optimized with the Yoast SEO plugin v24.5 - https:\/\/yoast.com\/wordpress\/plugins\/seo\/ -->\n<title>LIST SPECIAL - showmehiphop<\/title>\n<meta name=\"robots\" content=\"index, follow, max-snippet:-1, max-image-preview:large, max-video-preview:-1\" \/>\n<link rel=\"canonical\" href=\"https:\/\/showmehiphop.com\/index.php\/list-special\/\" \/>\n<meta property=\"og:locale\" content=\"en_US\" \/>\n<meta property=\"og:type\" content=\"article\" \/>\n<meta property=\"og:title\" content=\"LIST SPECIAL - showmehiphop\" \/>\n<meta property=\"og:description\" content=\"LIST SPECIAL AllTRAVELMUSICMOVIESPORTTECHNOLOGYFASHIONGAME Watch LaterAdded 02:33 MOVIE Transformers 5 Trailer NICOLASSeptember 18, 2017April 26, 2018 Vestibulum rutrum nibh semper, imperdiet nulla non, pulvinar lacus. Phasellus blandit odio at ipsum porta rhoncus varius accumsan am&#8230; 015.2M120.4K6.6K Watch LaterAdded 01:33 MOVIE The Twilight Saga Eclipse NICOLASSeptember 21, 2017April 26, 2018 Praesent congue turpis in tincidunt ornare. Donec [&hellip;]\" \/>\n<meta property=\"og:url\" content=\"https:\/\/showmehiphop.com\/index.php\/list-special\/\" \/>\n<meta property=\"og:site_name\" content=\"showmehiphop\" \/>\n<meta property=\"og:image\" content=\"http:\/\/demo.beeteam368.com\/vidorev\/wp-content\/uploads\/2017\/09\/281-1498150336255-750x422.jpg\" \/>\n<meta name=\"twitter:card\" content=\"summary_large_image\" \/>\n<script type=\"application\/ld+json\" class=\"yoast-schema-graph\">{\"@context\":\"https:\/\/schema.org\",\"@graph\":[{\"@type\":\"WebPage\",\"@id\":\"https:\/\/showmehiphop.com\/index.php\/list-special\/\",\"url\":\"https:\/\/showmehiphop.com\/index.php\/list-special\/\",\"name\":\"LIST SPECIAL - showmehiphop\",\"isPartOf\":{\"@id\":\"https:\/\/showmehiphop.com\/#website\"},\"primaryImageOfPage\":{\"@id\":\"https:\/\/showmehiphop.com\/index.php\/list-special\/#primaryimage\"},\"image\":{\"@id\":\"https:\/\/showmehiphop.com\/index.php\/list-special\/#primaryimage\"},\"thumbnailUrl\":\"http:\/\/demo.beeteam368.com\/vidorev\/wp-content\/uploads\/2017\/09\/281-1498150336255-750x422.jpg\",\"datePublished\":\"2018-03-23T06:30:56+00:00\",\"breadcrumb\":{\"@id\":\"https:\/\/showmehiphop.com\/index.php\/list-special\/#breadcrumb\"},\"inLanguage\":\"en-US\",\"potentialAction\":[{\"@type\":\"ReadAction\",\"target\":[\"https:\/\/showmehiphop.com\/index.php\/list-special\/\"]}]},{\"@type\":\"ImageObject\",\"inLanguage\":\"en-US\",\"@id\":\"https:\/\/showmehiphop.com\/index.php\/list-special\/#primaryimage\",\"url\":\"http:\/\/demo.beeteam368.com\/vidorev\/wp-content\/uploads\/2017\/09\/281-1498150336255-750x422.jpg\",\"contentUrl\":\"http:\/\/demo.beeteam368.com\/vidorev\/wp-content\/uploads\/2017\/09\/281-1498150336255-750x422.jpg\"},{\"@type\":\"BreadcrumbList\",\"@id\":\"https:\/\/showmehiphop.com\/index.php\/list-special\/#breadcrumb\",\"itemListElement\":[{\"@type\":\"ListItem\",\"position\":1,\"name\":\"Home\",\"item\":\"https:\/\/showmehiphop.com\/\"},{\"@type\":\"ListItem\",\"position\":2,\"name\":\"LIST SPECIAL\"}]},{\"@type\":\"WebSite\",\"@id\":\"https:\/\/showmehiphop.com\/#website\",\"url\":\"https:\/\/showmehiphop.com\/\",\"name\":\"showmehiphop\",\"description\":\"\",\"potentialAction\":[{\"@type\":\"SearchAction\",\"target\":{\"@type\":\"EntryPoint\",\"urlTemplate\":\"https:\/\/showmehiphop.com\/?s={search_term_string}\"},\"query-input\":{\"@type\":\"PropertyValueSpecification\",\"valueRequired\":true,\"valueName\":\"search_term_string\"}}],\"inLanguage\":\"en-US\"},false]}<\/script>\n<!-- \/ Yoast SEO plugin. -->","yoast_head_json":{"title":"LIST SPECIAL - showmehiphop","robots":{"index":"index","follow":"follow","max-snippet":"max-snippet:-1","max-image-preview":"max-image-preview:large","max-video-preview":"max-video-preview:-1"},"canonical":"https:\/\/showmehiphop.com\/index.php\/list-special\/","og_locale":"en_US","og_type":"article","og_title":"LIST SPECIAL - showmehiphop","og_description":"LIST SPECIAL AllTRAVELMUSICMOVIESPORTTECHNOLOGYFASHIONGAME Watch LaterAdded 02:33 MOVIE Transformers 5 Trailer NICOLASSeptember 18, 2017April 26, 2018 Vestibulum rutrum nibh semper, imperdiet nulla non, pulvinar lacus. Phasellus blandit odio at ipsum porta rhoncus varius accumsan am&#8230; 015.2M120.4K6.6K Watch LaterAdded 01:33 MOVIE The Twilight Saga Eclipse NICOLASSeptember 21, 2017April 26, 2018 Praesent congue turpis in tincidunt ornare. Donec [&hellip;]","og_url":"https:\/\/showmehiphop.com\/index.php\/list-special\/","og_site_name":"showmehiphop","og_image":[{"url":"http:\/\/demo.beeteam368.com\/vidorev\/wp-content\/uploads\/2017\/09\/281-1498150336255-750x422.jpg","type":"","width":"","height":""}],"twitter_card":"summary_large_image","schema":{"@context":"https:\/\/schema.org","@graph":[{"@type":"WebPage","@id":"https:\/\/showmehiphop.com\/index.php\/list-special\/","url":"https:\/\/showmehiphop.com\/index.php\/list-special\/","name":"LIST SPECIAL - showmehiphop","isPartOf":{"@id":"https:\/\/showmehiphop.com\/#website"},"primaryImageOfPage":{"@id":"https:\/\/showmehiphop.com\/index.php\/list-special\/#primaryimage"},"image":{"@id":"https:\/\/showmehiphop.com\/index.php\/list-special\/#primaryimage"},"thumbnailUrl":"http:\/\/demo.beeteam368.com\/vidorev\/wp-content\/uploads\/2017\/09\/281-1498150336255-750x422.jpg","datePublished":"2018-03-23T06:30:56+00:00","breadcrumb":{"@id":"https:\/\/showmehiphop.com\/index.php\/list-special\/#breadcrumb"},"inLanguage":"en-US","potentialAction":[{"@type":"ReadAction","target":["https:\/\/showmehiphop.com\/index.php\/list-special\/"]}]},{"@type":"ImageObject","inLanguage":"en-US","@id":"https:\/\/showmehiphop.com\/index.php\/list-special\/#primaryimage","url":"http:\/\/demo.beeteam368.com\/vidorev\/wp-content\/uploads\/2017\/09\/281-1498150336255-750x422.jpg","contentUrl":"http:\/\/demo.beeteam368.com\/vidorev\/wp-content\/uploads\/2017\/09\/281-1498150336255-750x422.jpg"},{"@type":"BreadcrumbList","@id":"https:\/\/showmehiphop.com\/index.php\/list-special\/#breadcrumb","itemListElement":[{"@type":"ListItem","position":1,"name":"Home","item":"https:\/\/showmehiphop.com\/"},{"@type":"ListItem","position":2,"name":"LIST SPECIAL"}]},{"@type":"WebSite","@id":"https:\/\/showmehiphop.com\/#website","url":"https:\/\/showmehiphop.com\/","name":"showmehiphop","description":"","potentialAction":[{"@type":"SearchAction","target":{"@type":"EntryPoint","urlTemplate":"https:\/\/showmehiphop.com\/?s={search_term_string}"},"query-input":{"@type":"PropertyValueSpecification","valueRequired":true,"valueName":"search_term_string"}}],"inLanguage":"en-US"},false]}},"yasr_visitor_votes":{"stars_attributes":{"read_only":true,"span_bottom":"<div class='yasr-small-block-bold'><span class='yasr-visitor-votes-must-sign-in'>You must sign in to vote<\/span><\/div>"},"number_of_votes":0,"sum_votes":0},"cmb2":{"page_slider_settings":{"display_slider_group":"","page_slider_group":""},"blog_page_settings":{"blog_page_title":"","blog_page_heading":"","blog_page_advance_search":"","blog_page_ic":"","blog_page_it":"","blog_page_ec":"","blog_page_ip":"","blog_page_advance_search_id":"","archive_loop_style":"grid-default","blog_image_ratio":"","blog_show_categories":"on","blog_show_excerpt":"on","blog_show_author":"on","blog_show_date":"on","blog_show_comment_count":"on","blog_show_view_count":"on","blog_show_like_count":"on","blog_show_dislike_count":"on","blog_items_per_page":"10","blog_pag_type":"wp-default"},"page_options":{"get_page_template":"","color_mode":"","main_layout":"","main_layout_full_with":"","main_logo":"","main_logo_id":"","main_logo_retina":"","main_logo_retina_id":"","main_logo_mobile":"","main_logo_mobile_id":"","main_logo_mobile_retina":"","main_logo_mobile_retina_id":"","sticky_logo":"","sticky_logo_id":"","sticky_logo_retina":"","sticky_logo_retina_id":"","main_nav_layout":"","ajax_search":"","header_background":"","theme_sidebar":"hidden","instagram_feed":"","instagram_feed_position":"header","popular_videos":"off","popular_videos_title_1":"","popular_videos_title_2":"","popular_videos_ic":"","popular_videos_it":"","theme_background":"","page_custom_css":""}},"_links":{"self":[{"href":"https:\/\/showmehiphop.com\/index.php\/wp-json\/wp\/v2\/pages\/2576","targetHints":{"allow":["GET"]}}],"collection":[{"href":"https:\/\/showmehiphop.com\/index.php\/wp-json\/wp\/v2\/pages"}],"about":[{"href":"https:\/\/showmehiphop.com\/index.php\/wp-json\/wp\/v2\/types\/page"}],"author":[{"embeddable":true,"href":"https:\/\/showmehiphop.com\/index.php\/wp-json\/wp\/v2\/users\/1"}],"replies":[{"embeddable":true,"href":"https:\/\/showmehiphop.com\/index.php\/wp-json\/wp\/v2\/comments?post=2576"}],"version-history":[{"count":0,"href":"https:\/\/showmehiphop.com\/index.php\/wp-json\/wp\/v2\/pages\/2576\/revisions"}],"wp:attachment":[{"href":"https:\/\/showmehiphop.com\/index.php\/wp-json\/wp\/v2\/media?parent=2576"}],"curies":[{"name":"wp","href":"https:\/\/api.w.org\/{rel}","templated":true}]}}